{"id":2,"date":"2023-08-24T20:55:13","date_gmt":"2023-08-24T20:55:13","guid":{"rendered":"http:\/\/cobo.pt\/?page_id=2"},"modified":"2023-09-21T08:16:52","modified_gmt":"2023-09-21T08:16:52","slug":"pagina-exemplo","status":"publish","type":"page","link":"https:\/\/cobo.pt\/","title":{"rendered":""},"content":{"rendered":"\n<p><strong>Cobo \u00e9 um novo conceito de trabalho colaborativo e inspirador no cora\u00e7\u00e3o da Marinha. Grande. O espa\u00e7o de cowork que combina inova\u00e7\u00e3o, conforto e networking num ambiente \u00fanico. A nossa marca representa a ess\u00eancia da colabora\u00e7\u00e3o e criatividade, proporcionando a profissionais independentes, empreendedores e empresas uma plataforma para prosperar juntos.<\/strong><\/p>\n","protected":false},"excerpt":{"rendered":"<p>Cobo \u00e9 um novo conceito de trabalho colaborativo e inspirador no cora\u00e7\u00e3o da Marinha. Grande. O espa\u00e7o de cowork que combina inova\u00e7\u00e3o, conforto e networking num ambiente \u00fanico. A nossa marca representa a ess\u00eancia da colabora\u00e7\u00e3o e criatividade, proporcionando a profissionais independentes, empreendedores e empresas uma plataforma para prosperar juntos.<\/p>\n","protected":false},"author":1,"featured_media":0,"parent":0,"menu_order":0,"comment_status":"closed","ping_status":"open","template":"","meta":{"footnotes":""},"aioseo_notices":[],"_links":{"self":[{"href":"https:\/\/cobo.pt\/index.php\/wp-json\/wp\/v2\/pages\/2"}],"collection":[{"href":"https:\/\/cobo.pt\/index.php\/wp-json\/wp\/v2\/pages"}],"about":[{"href":"https:\/\/cobo.pt\/index.php\/wp-json\/wp\/v2\/types\/page"}],"author":[{"embeddable":true,"href":"https:\/\/cobo.pt\/index.php\/wp-json\/wp\/v2\/users\/1"}],"replies":[{"embeddable":true,"href":"https:\/\/cobo.pt\/index.php\/wp-json\/wp\/v2\/comments?post=2"}],"version-history":[{"count":3,"href":"https:\/\/cobo.pt\/index.php\/wp-json\/wp\/v2\/pages\/2\/revisions"}],"predecessor-version":[{"id":59,"href":"https:\/\/cobo.pt\/index.php\/wp-json\/wp\/v2\/pages\/2\/revisions\/59"}],"wp:attachment":[{"href":"https:\/\/cobo.pt\/index.php\/wp-json\/wp\/v2\/media?parent=2"}],"curies":[{"name":"wp","href":"https:\/\/api.w.org\/{rel}","templated":true}]}}